{"id":1024,"date":"2021-09-08T11:12:55","date_gmt":"2021-09-08T11:12:55","guid":{"rendered":"http:\/\/newgospelvoices.de\/?page_id=1024"},"modified":"2025-09-17T18:06:26","modified_gmt":"2025-09-17T18:06:26","slug":"aktuelles","status":"publish","type":"page","link":"https:\/\/newgospelvoices.de\/?page_id=1024","title":{"rendered":"Aktuelles"},"content":{"rendered":"\n<p><strong>*Save the date*<\/strong><\/p>\n\n\n\n<figure class=\"wp-block-gallery has-nested-images columns-default is-cropped wp-block-gallery-1 is-layout-flex wp-block-gallery-is-layout-flex\">\n<figure class=\"wp-block-image size-large\"><img loading=\"lazy\" decoding=\"async\" width=\"720\" height=\"1024\" data-id=\"1495\" src=\"https:\/\/newgospelvoices.de\/wp-content\/uploads\/2025\/09\/1000190983-720x1024.jpg\" alt=\"\" class=\"wp-image-1495\" srcset=\"https:\/\/newgospelvoices.de\/wp-content\/uploads\/2025\/09\/1000190983-720x1024.jpg 720w, https:\/\/newgospelvoices.de\/wp-content\/uploads\/2025\/09\/1000190983-211x300.jpg 211w, https:\/\/newgospelvoices.de\/wp-content\/uploads\/2025\/09\/1000190983-768x1092.jpg 768w, https:\/\/newgospelvoices.de\/wp-content\/uploads\/2025\/09\/1000190983.jpg 1080w\" sizes=\"auto, (max-width: 720px) 85vw, 720px\" \/><\/figure>\n<\/figure>\n\n\n\n<p><\/p>\n\n\n\n<p>################################################<\/p>\n\n\n\n<figure class=\"wp-block-image size-large\"><img loading=\"lazy\" decoding=\"async\" width=\"1024\" height=\"522\" src=\"http:\/\/newgospelvoices.de\/wp-content\/uploads\/2025\/03\/IMG-20241009-WA0001-1024x522.jpg\" alt=\"\" class=\"wp-image-1443\" srcset=\"https:\/\/newgospelvoices.de\/wp-content\/uploads\/2025\/03\/IMG-20241009-WA0001-1024x522.jpg 1024w, https:\/\/newgospelvoices.de\/wp-content\/uploads\/2025\/03\/IMG-20241009-WA0001-300x153.jpg 300w, https:\/\/newgospelvoices.de\/wp-content\/uploads\/2025\/03\/IMG-20241009-WA0001-768x391.jpg 768w, https:\/\/newgospelvoices.de\/wp-content\/uploads\/2025\/03\/IMG-20241009-WA0001-1536x782.jpg 1536w, https:\/\/newgospelvoices.de\/wp-content\/uploads\/2025\/03\/IMG-20241009-WA0001-1200x611.jpg 1200w, https:\/\/newgospelvoices.de\/wp-content\/uploads\/2025\/03\/IMG-20241009-WA0001.jpg 2048w\" sizes=\"auto, (max-width: 709px) 85vw, (max-width: 909px) 67vw, (max-width: 1362px) 62vw, 840px\" \/><\/figure>\n\n\n\n<p><\/p>\n\n\n\n<p class=\"has-medium-font-size\">F\u00fcr uns hat ein ganz besonderes Jahr begonnen: <\/p>\n\n\n\n<p class=\"has-medium-font-size\">Der Chor wird nun 20 Jahre alt. Ein guter Grund zum Feiern, finden wir!<\/p>\n\n\n\n<p class=\"has-medium-font-size\">Am 29. November wird es aus diesem Grunde ein besonderes Konzert geben!<\/p>\n\n\n\n<p class=\"has-medium-font-size\">2005 wurde der Gospelchor gegr\u00fcndet. Viele S\u00e4nger*innen sind seit Beginn an begeistert dabei und zum Teil bis heute ein wichtiger Teil unseres Gospelchors.<\/p>\n\n\n\n<p>###########################<\/p>\n\n\n\n<figure class=\"wp-block-image size-full\"><img loading=\"lazy\" decoding=\"async\" width=\"1024\" height=\"859\" src=\"http:\/\/newgospelvoices.de\/wp-content\/uploads\/2025\/03\/stimme_cmyk-1024x859-1.jpg\" alt=\"\" class=\"wp-image-1448\" srcset=\"https:\/\/newgospelvoices.de\/wp-content\/uploads\/2025\/03\/stimme_cmyk-1024x859-1.jpg 1024w, https:\/\/newgospelvoices.de\/wp-content\/uploads\/2025\/03\/stimme_cmyk-1024x859-1-300x252.jpg 300w, https:\/\/newgospelvoices.de\/wp-content\/uploads\/2025\/03\/stimme_cmyk-1024x859-1-768x644.jpg 768w\" sizes=\"auto, (max-width: 709px) 85vw, (max-width: 909px) 67vw, (max-width: 1362px) 62vw, 840px\" \/><\/figure>\n\n\n\n<p>#############################<\/p>\n\n\n\n<p><\/p>\n\n\n\n<p><\/p>\n\n\n\n<p><\/p>\n\n\n\n<p><\/p>\n\n\n\n<figure class=\"wp-block-image size-large is-resized\"><img loading=\"lazy\" decoding=\"async\" width=\"724\" height=\"1024\" src=\"http:\/\/newgospelvoices.de\/wp-content\/uploads\/2024\/08\/Plakat-Konzert-neu-724x1024.jpg\" alt=\"\" class=\"wp-image-1409\" style=\"width:630px;height:auto\" srcset=\"https:\/\/newgospelvoices.de\/wp-content\/uploads\/2024\/08\/Plakat-Konzert-neu-724x1024.jpg 724w, https:\/\/newgospelvoices.de\/wp-content\/uploads\/2024\/08\/Plakat-Konzert-neu-212x300.jpg 212w, https:\/\/newgospelvoices.de\/wp-content\/uploads\/2024\/08\/Plakat-Konzert-neu-768x1086.jpg 768w, https:\/\/newgospelvoices.de\/wp-content\/uploads\/2024\/08\/Plakat-Konzert-neu-1086x1536.jpg 1086w, https:\/\/newgospelvoices.de\/wp-content\/uploads\/2024\/08\/Plakat-Konzert-neu.jpg 1190w\" sizes=\"auto, (max-width: 724px) 85vw, 724px\" \/><\/figure>\n\n\n\n<p>################################################<\/p>\n\n\n\n<p><strong>\u201eNew Gospel Voices\u201c Chor k\u00fcndigt spannende musikalische Pl\u00e4ne an<\/strong><\/p>\n\n\n\n<p>17.06.2024 \u2013 Der gemischte Chor \u201eNew Gospel Voices\u201c aus Wesel Fl\u00fcren hat f\u00fcr die kommenden Monate ein abwechslungsreiches musikalisches Programm vorbereitet. Bekannt f\u00fcr ihre mehrstimmigen A cappella Darbietungen, singen die \u201eNew Gospel Voices\u201c Gospel, Spirituals, traditionelle Lieder aus verschiedenen L\u00e4ndern sowie einige deutsche Kirchenlieder.<\/p>\n\n\n\n<p>In der evangelischen Kirche Hamminkeln waren sie bereits als Mitgestalter des \u201eGottesdienst anders\u201c zu h\u00f6ren. Neben einer Vielzahl von Liedern aus ihrem Repertoire, trugen einige Chormitglieder auch pers\u00f6nliche Wortbeitr\u00e4ge bei. Dies f\u00fchrte zu einem bewegenden Gottesdienst, in dem die Besucher pers\u00f6nliche Aussagen zum Glauben und \u00fcber die&nbsp; Inhalte der gesungenen Gospel Songs h\u00f6rten.<\/p>\n\n\n\n<p><strong>Regelm\u00e4\u00dfige Chorproben und neue Mitglieder willkommen<\/strong><\/p>\n\n\n\n<p>Jeden Mittwoch vertieft der Chor in seinen Proben das bekannte Liedgut und studiert neue Gospel-Songs ein. Chorleiter Garrelf Hagedorn versteht es, die S\u00e4ngerinnen und S\u00e4nger stets aufs Neue zu begeistern.<\/p>\n\n\n\n<p>Interessierte Mits\u00e4nger sind herzlich willkommen, denn jede neue Stimme bereichert die Gemeinschaft und den Chorklang.<\/p>\n\n\n\n<p><strong>Kommende Auftritte und Events<\/strong><\/p>\n\n\n\n<p><strong>Chorfest am 30. Juni 2024:<\/strong><br>Am 30. Juni 2024 ab 14 Uhr treten die \u201eNew Gospel Voices\u201c auf dem Gel\u00e4nde der evangelischen Kirche in Wesel Fl\u00fcren, Marsstra\u00dfe 1, beim Chorfest auf.<\/p>\n\n\n\n<p>Zahlreiche weitere Ch\u00f6re werden das Fest mitgestalten und bereichern. F\u00fcr das leibliche Wohl ist mit kalten und warmen Getr\u00e4nken sowie einem Kuchenbuffet gesorgt.<\/p>\n\n\n\n<p><strong>Konzert \u201eEine Reise durch die Welt der Musik\u201c am 31. August 2024:<\/strong><br>Als Gastchor sind die \u201eNew Gospel Voices\u201c am 31. August um 18 Uhr beim Konzert des Chors<\/p>\n\n\n\n<p>\u201eJunger Chor Haldern\u201c, in Rees, im B\u00fcrgerhaus Rees, Markt 1, dabei. Dieses Konzert verspricht eine musikalische Reise, auf die die Zuh\u00f6rer herzlich eingeladen sind.<\/p>\n\n\n\n<p><strong>Herbstkonzert \u201eYou say\u201c am 28. September 2024:<\/strong><br>Der H\u00f6hepunkt des Jahres ist das Herbstkonzert am 28. September 2024 um 19 Uhr (Einlass ab 18:30 Uhr) in der evangelischen Kirche Wesel Fl\u00fcren Marsstra\u00dfe 1.<\/p>\n\n\n\n<p>Das Konzert steht unter dem Thema \u201eYou say\u201c, benannt nach dem gleichnamigen Song von Lauren Daigle. Der ber\u00fchrende Song thematisiert die Zwiesprache eines Menschen mit Gott und behandelt menschliche Schw\u00e4chen und Zweifel sowie die Gewissheit, Kraft, Hoffnung und Zuversicht zu sp\u00fcren. Viele weitere bekannte und neue Gospel sowie andere Lieder aus dem breiten Song-Spektrum des Chors werden ebenfalls zu h\u00f6ren sein.<\/p>\n\n\n\n<p><strong>Kontakt und weitere Informationen<\/strong><\/p>\n\n\n\n<p>Wir freuen uns bereits jetzt auf unsere Auftritte und hoffen, Sie, als unseren Gast begr\u00fc\u00dfen zu k\u00f6nnen.<\/p>\n\n\n\n<p>Herzliche Gr\u00fc\u00dfe,<br>Euer Chor\u201eNew Gospel Voices\u201c<\/p>\n\n\n\n<p>Haben wir Ihr Interesse geweckt? Nehmen Sie Kontakt mit uns auf!<br>E-Mail: <a href=\"mailto:info@newgospelvoices.de\">info@newgospelvoices.de<\/a><\/p>\n\n\n\n<p>####################################################<\/p>\n\n\n\n<p>Probenwochenende im Klostergarten in Kevelaer: Am 20. &amp; 21. Januar haben sich fast alle S\u00e4ngerinnen und S\u00e4nger der New Gospel Voices f\u00fcr ein intensives Probenwochenende in Kevelaer getroffen. Neue Lieder wurden gelernt, Techniken vertieft und nicht zuletzt die gute Gemeinschaft gepflegt. Zum Abschluss gibt es eine &#8222;offene Probe&#8220; um 14 Uhr in der Klosterkirche.<\/p>\n\n\n\n<figure class=\"wp-block-gallery has-nested-images columns-default is-cropped wp-block-gallery-2 is-layout-flex wp-block-gallery-is-layout-flex\">\n<figure class=\"wp-block-image size-large\"><img loading=\"lazy\" decoding=\"async\" width=\"724\" height=\"1024\" data-id=\"1344\" src=\"http:\/\/newgospelvoices.de\/wp-content\/uploads\/2024\/01\/1000069915-724x1024.jpg\" alt=\"\" class=\"wp-image-1344\" srcset=\"https:\/\/newgospelvoices.de\/wp-content\/uploads\/2024\/01\/1000069915-724x1024.jpg 724w, https:\/\/newgospelvoices.de\/wp-content\/uploads\/2024\/01\/1000069915-212x300.jpg 212w, https:\/\/newgospelvoices.de\/wp-content\/uploads\/2024\/01\/1000069915-768x1086.jpg 768w, https:\/\/newgospelvoices.de\/wp-content\/uploads\/2024\/01\/1000069915-1086x1536.jpg 1086w, https:\/\/newgospelvoices.de\/wp-content\/uploads\/2024\/01\/1000069915-1448x2048.jpg 1448w, https:\/\/newgospelvoices.de\/wp-content\/uploads\/2024\/01\/1000069915-1200x1697.jpg 1200w, https:\/\/newgospelvoices.de\/wp-content\/uploads\/2024\/01\/1000069915-scaled.jpg 1810w\" sizes=\"auto, (max-width: 724px) 85vw, 724px\" \/><\/figure>\n<\/figure>\n\n\n\n<p>##################################################<\/p>\n\n\n\n<p>Herzliche Einladung zum gemeinsamen Gottesdienst mit Ch\u00f6ren der evangelischen Kirchengemeinde an Issel und Rhein am Sonntag den <strong>22.10.2023 um 11Uhr<\/strong> in Br\u00fcnen. <\/p>\n\n\n\n<p>##################################################<\/p>\n\n\n\n<p><strong>## Tag der offenen Probe<\/strong><\/p>\n\n\n\n<figure class=\"wp-block-image size-large\"><img loading=\"lazy\" decoding=\"async\" width=\"1024\" height=\"457\" src=\"http:\/\/newgospelvoices.de\/wp-content\/uploads\/2023\/08\/Unbenannt-1024x457.jpg\" alt=\"\" class=\"wp-image-1280\" srcset=\"https:\/\/newgospelvoices.de\/wp-content\/uploads\/2023\/08\/Unbenannt-1024x457.jpg 1024w, https:\/\/newgospelvoices.de\/wp-content\/uploads\/2023\/08\/Unbenannt-300x134.jpg 300w, https:\/\/newgospelvoices.de\/wp-content\/uploads\/2023\/08\/Unbenannt-768x343.jpg 768w, https:\/\/newgospelvoices.de\/wp-content\/uploads\/2023\/08\/Unbenannt-1536x686.jpg 1536w, https:\/\/newgospelvoices.de\/wp-content\/uploads\/2023\/08\/Unbenannt-1200x536.jpg 1200w, https:\/\/newgospelvoices.de\/wp-content\/uploads\/2023\/08\/Unbenannt.jpg 1583w\" sizes=\"auto, (max-width: 709px) 85vw, (max-width: 909px) 67vw, (max-width: 1362px) 62vw, 840px\" \/><\/figure>\n\n\n\n<p>Die New Gospel Voices e.V. laden am  13.09.2023 von 19 bis 21 Uhr im Rahmen der bundesweit stattfindenden &#8222;Woche der offenen Ch\u00f6re&#8220; des Deutschen Chorverbandes zu einer Schnupperprobe ein.<\/p>\n\n\n\n<p>Vom 11. bis zum 17. September 2023 \u00f6ffnen Ch\u00f6re und Vokalensembles in ganz Deutschland allen Interessierten die T\u00fcren zu ihren Proben. Mit dieser Aktion soll neuen Mits\u00e4ngerinnen und Mits\u00e4ngern die Gelegenheit geboten werden, unkompliziert musikalisch Kontakt zu kn\u00fcpfen. Auch die New Gospel Voices e.V. aus Fl\u00fcren geh\u00f6rt zu den Ensembles, die an der &#8222;Woche der offenen Ch\u00f6re&#8220; teilnehmen. <\/p>\n\n\n\n<p>Allen Interessierten sei eine herzliche Einladung ausgesprochen, am 13.09 zur regul\u00e4ren Probenzeit einfach mal vorbei zu schauen.<\/p>\n\n\n\n<p>####################################################<\/p>\n\n\n\n<p><strong>## KONZERT KONZERT KONZERT KONZERT<\/strong><\/p>\n\n\n<div class=\"wp-block-image\">\n<figure class=\"aligncenter size-large is-resized\"><img loading=\"lazy\" decoding=\"async\" width=\"683\" height=\"1024\" src=\"http:\/\/newgospelvoices.de\/wp-content\/uploads\/2023\/08\/Plakat-2023-683x1024.jpg\" alt=\"\" class=\"wp-image-1271\" style=\"width:434px;height:650px\" srcset=\"https:\/\/newgospelvoices.de\/wp-content\/uploads\/2023\/08\/Plakat-2023-683x1024.jpg 683w, https:\/\/newgospelvoices.de\/wp-content\/uploads\/2023\/08\/Plakat-2023-200x300.jpg 200w, https:\/\/newgospelvoices.de\/wp-content\/uploads\/2023\/08\/Plakat-2023-768x1152.jpg 768w, https:\/\/newgospelvoices.de\/wp-content\/uploads\/2023\/08\/Plakat-2023-1024x1536.jpg 1024w, https:\/\/newgospelvoices.de\/wp-content\/uploads\/2023\/08\/Plakat-2023-1200x1800.jpg 1200w, https:\/\/newgospelvoices.de\/wp-content\/uploads\/2023\/08\/Plakat-2023.jpg 1365w\" sizes=\"auto, (max-width: 683px) 85vw, 683px\" \/><\/figure>\n<\/div>\n\n\n<p>Herzliche Einladung zu unserem diesj\u00e4hrigen Konzert am 09.09.2023 in der Ev. Christuskriche, Marsstra\u00dfe 1, Fl\u00fcren. Beginn ist 19Uhr, Einlass um 18:30Uhr. Das Konzert steht dieses Jahr unter dem Motto: &#8222;Is he worthy?&#8220;. Wir freuen uns, Sie hoffentlich alle begr\u00fc\u00dfen zu d\u00fcrfen.<\/p>\n\n\n\n<p>####################################################<\/p>\n\n\n<div class=\"wp-block-image\">\n<figure class=\"aligncenter size-large is-resized\"><img loading=\"lazy\" decoding=\"async\" width=\"697\" height=\"1024\" src=\"https:\/\/newgospelvoices.de\/wp-content\/uploads\/2023\/06\/ohne-pause-697x1024.jpg\" alt=\"\" class=\"wp-image-1245\" style=\"width:469px;height:689px\" srcset=\"https:\/\/newgospelvoices.de\/wp-content\/uploads\/2023\/06\/ohne-pause-697x1024.jpg 697w, https:\/\/newgospelvoices.de\/wp-content\/uploads\/2023\/06\/ohne-pause-204x300.jpg 204w, https:\/\/newgospelvoices.de\/wp-content\/uploads\/2023\/06\/ohne-pause.jpg 739w\" sizes=\"auto, (max-width: 697px) 85vw, 697px\" \/><\/figure>\n<\/div>\n\n\n<p>####################################################<\/p>\n\n\n\n<p>## Schon wieder ist einige Zeit ins Land gegangen. Die Proben fanden regelm\u00e4\u00dfig statt und \u00fcber den Sommer geht es ohne Pause weiter! Also kommt vorbei #immer wieder mittwochs<\/p>\n\n\n<div class=\"wp-block-image\">\n<figure class=\"aligncenter size-large\"><img loading=\"lazy\" decoding=\"async\" width=\"768\" height=\"1024\" src=\"http:\/\/newgospelvoices.de\/wp-content\/uploads\/2022\/10\/2022_Plakat-768x1024.jpg\" alt=\"\" class=\"wp-image-1155\" srcset=\"https:\/\/newgospelvoices.de\/wp-content\/uploads\/2022\/10\/2022_Plakat-768x1024.jpg 768w, https:\/\/newgospelvoices.de\/wp-content\/uploads\/2022\/10\/2022_Plakat-225x300.jpg 225w, https:\/\/newgospelvoices.de\/wp-content\/uploads\/2022\/10\/2022_Plakat-1152x1536.jpg 1152w, https:\/\/newgospelvoices.de\/wp-content\/uploads\/2022\/10\/2022_Plakat-1536x2048.jpg 1536w, https:\/\/newgospelvoices.de\/wp-content\/uploads\/2022\/10\/2022_Plakat-1736x2314.jpg 1736w, https:\/\/newgospelvoices.de\/wp-content\/uploads\/2022\/10\/2022_Plakat-scaled.jpg 1920w\" sizes=\"auto, (max-width: 768px) 85vw, 768px\" \/><figcaption class=\"wp-element-caption\">Plakat 2022<\/figcaption><\/figure>\n<\/div>\n\n\n<p>## <strong>!!Konzert Konzert Konzert Konzert!!<\/strong> Am 22.10.2022 um 18:30 Uhr laden wir herzlich zu unserem diesj\u00e4hrigen Konzert unter dem Motto &#8222;God is on the move&#8220; ein! Einlass ist um 18:00 Uhr, Karten gibt es im Vorverkauf bei Schreibwaren Schulz in Fl\u00fcren und an der Abendkasse. Alternativ k\u00f6nnt Ihr auch Karten unter <strong>info@newgospelvoices.de<\/strong> reservieren. Wir freuen uns auf Euch! ##<\/p>\n\n\n\n<p>## 10.09.2022 Auch dieses Jahr haben wir uns an einem Samstag getroffen, um unsere Stimmen zu trainieren und auf das kommende Konzert vorzubereiten. Mit der Hilfe von CVT Vocal Coaches Ulrike Wahren und Peter Stolle durften wir einen Tag lang neue Techniken entdecken und alte verfeinern und weiter an unserem Klang arbeiten. Es war ein gelungener und sch\u00f6ner Samstag! ##<\/p>\n\n\n<div class=\"wp-block-image\">\n<figure class=\"aligncenter size-large is-resized\"><img loading=\"lazy\" decoding=\"async\" width=\"768\" height=\"1024\" src=\"http:\/\/newgospelvoices.de\/wp-content\/uploads\/2022\/10\/cvt2022-768x1024.jpg\" alt=\"\" class=\"wp-image-1146\" style=\"width:547px;height:729px\" srcset=\"https:\/\/newgospelvoices.de\/wp-content\/uploads\/2022\/10\/cvt2022-768x1024.jpg 768w, https:\/\/newgospelvoices.de\/wp-content\/uploads\/2022\/10\/cvt2022-225x300.jpg 225w, https:\/\/newgospelvoices.de\/wp-content\/uploads\/2022\/10\/cvt2022-1152x1536.jpg 1152w, https:\/\/newgospelvoices.de\/wp-content\/uploads\/2022\/10\/cvt2022.jpg 1200w\" sizes=\"auto, (max-width: 768px) 85vw, 768px\" \/><figcaption class=\"wp-element-caption\">CVT Workshop 2022<\/figcaption><\/figure>\n<\/div>\n\n\n<p>## Am 18.05.2022 fand die diesj\u00e4hrige Jahreshauptversammlung statt und es wurden Wahlen abgehalten. W\u00e4hrend Ralph Hagedorn f\u00fcr weitere vier Jahre in seinem Posten als Gesch\u00e4ftsf\u00fchrer best\u00e4tigt wurde, stand unsere langj\u00e4hrige Vorsitzende Erika Dicks leider nicht zur Wiederwahl. Wir danken Erika Dicks sehr f\u00fcr ihren Einsatz und die viele Arbeit f\u00fcr den Chor, sowie ihre Leitung seit Entstehung des Chores. Um Erika Dicks f\u00fcr ihr Engagement zu ehren, wurde sie zum Ehrenmitglied der New Gospel Voices gew\u00e4hlt. Als neue Vorsitzende des Chores wurde Silvana Schmellenkamp gew\u00e4hlt und der Chor freut sich auf eine gute Zusammenarbeit. ##<\/p>\n\n\n\n<div class=\"wp-block-group\"><div class=\"wp-block-group__inner-container is-layout-flow wp-block-group-is-layout-flow\">\n<figure class=\"wp-block-image is-style-default\"><img loading=\"lazy\" decoding=\"async\" width=\"1024\" height=\"627\" src=\"http:\/\/newgospelvoices.de\/wp-content\/uploads\/2022\/06\/Erika-und-Silvana-1024x627.jpg\" alt=\"\" class=\"wp-image-1116\" srcset=\"https:\/\/newgospelvoices.de\/wp-content\/uploads\/2022\/06\/Erika-und-Silvana-1024x627.jpg 1024w, https:\/\/newgospelvoices.de\/wp-content\/uploads\/2022\/06\/Erika-und-Silvana-300x184.jpg 300w, https:\/\/newgospelvoices.de\/wp-content\/uploads\/2022\/06\/Erika-und-Silvana-768x470.jpg 768w, https:\/\/newgospelvoices.de\/wp-content\/uploads\/2022\/06\/Erika-und-Silvana-1536x941.jpg 1536w, https:\/\/newgospelvoices.de\/wp-content\/uploads\/2022\/06\/Erika-und-Silvana-2048x1254.jpg 2048w, https:\/\/newgospelvoices.de\/wp-content\/uploads\/2022\/06\/Erika-und-Silvana-1736x1063.jpg 1736w\" sizes=\"auto, (max-width: 709px) 85vw, (max-width: 909px) 67vw, (max-width: 1362px) 62vw, 840px\" \/><figcaption class=\"wp-element-caption\">Die ehemalige und neue Vorsitzende der New Gospel Voices<\/figcaption><\/figure>\n<\/div><\/div>\n\n\n\n<p>## Der Chor probt wieder regelm\u00e4\u00dfig Mittwochs Abend um 19 Uhr in der Marsstra\u00dfe in Fl\u00fcren. Die Proben finden weiterhin in der Kirche statt. ##<\/p>\n\n\n<div class=\"wp-block-image\">\n<figure class=\"aligncenter size-large is-resized\"><img loading=\"lazy\" decoding=\"async\" width=\"724\" height=\"1024\" src=\"http:\/\/newgospelvoices.de\/wp-content\/uploads\/2021\/09\/2021_Plakat-724x1024.jpg\" alt=\"\" class=\"wp-image-1032\" style=\"width:418px;height:591px\" srcset=\"https:\/\/newgospelvoices.de\/wp-content\/uploads\/2021\/09\/2021_Plakat-724x1024.jpg 724w, https:\/\/newgospelvoices.de\/wp-content\/uploads\/2021\/09\/2021_Plakat-212x300.jpg 212w, https:\/\/newgospelvoices.de\/wp-content\/uploads\/2021\/09\/2021_Plakat-768x1086.jpg 768w, https:\/\/newgospelvoices.de\/wp-content\/uploads\/2021\/09\/2021_Plakat-1086x1536.jpg 1086w, https:\/\/newgospelvoices.de\/wp-content\/uploads\/2021\/09\/2021_Plakat-1448x2048.jpg 1448w, https:\/\/newgospelvoices.de\/wp-content\/uploads\/2021\/09\/2021_Plakat.jpg 1637w\" sizes=\"auto, (max-width: 724px) 85vw, 724px\" \/><\/figure>\n<\/div>\n\n\n<p>## Am 2. Oktober 2021 um 19Uhr wird vorrausichtlich unser diesj\u00e4hriges Herbstkonzert stattfinden &#8211; nat\u00fcrlich unter Ber\u00fccksichtigung der aktuellen Coronaschutzverordnung. Was wie genau stattfinden wird, erfahrt ihr hier! ##<\/p>\n\n\n\n<p>## 11.09.2021 &#8211; Die New Gospel Voices Treffen sich zu einem CVT Workshop mit Ulrike Wahren und Peter Stolle ##<\/p>\n\n\n\n<p>## 27.08.2021 &#8211; Presse -New Gospel Voices im Lokalkompass &#8211; \u201eEs war komisch und sch\u00f6n wie \u00fcberw\u00e4ltigend zugleich.\u201c ##<\/p>\n\n\n\n<figure class=\"wp-block-image\"><img decoding=\"async\" src=\"https:\/\/media04.lokalkompass.de\/article\/2021\/08\/27\/1\/11924611_XL.jpg?1630055926\" alt=\"Die S\u00e4ngerinnen und S\u00e4nger der New Gospel Voices mit ihrem Chorleiter Garrelf Hagedorn (vorne rechts), der die Gruppe seit dreizehn Jahren begleitet und sie mit ebenso viel Gelassenheit wie Qualit\u00e4t zu H\u00f6chstleistungen anspornt. \"\/><figcaption class=\"wp-element-caption\">Die S\u00e4ngerinnen und S\u00e4nger der New Gospel Voices mit ihrem Chorleiter Garrelf Hagedorn (vorne rechts), der die Gruppe seit dreizehn Jahren begleitet und sie mit ebenso viel Gelassenheit wie Qualit\u00e4t zu H\u00f6chstleistungen anspornt. (Quelle: Lokalkompass.de)<\/figcaption><\/figure>\n\n\n\n<p><a href=\"https:\/\/www.lokalkompass.de\/hamminkeln\/c-vereine-ehrenamt\/es-war-komisch-und-schoen-wie-ueberwaeltigend-zugleich_a1621897\">https:\/\/www.lokalkompass.de\/hamminkeln\/c-vereine-ehrenamt\/es-war-komisch-und-schoen-wie-ueberwaeltigend-zugleich_a1621897<\/a><\/p>\n\n\n\n<p>## 09.06.2021 &#8211; Die Proben vor Ort haben wieder begonnen und wir treffen uns wieder pers\u00f6nlich jeden Mittwoch in der ev. Kirche in Fl\u00fcren! ##<\/p>\n\n\n\n<p><\/p>\n\n\n\n<p><\/p>\n","protected":false},"excerpt":{"rendered":"<p>*Save the date* ################################################ F\u00fcr uns hat ein ganz besonderes Jahr begonnen: Der Chor wird nun 20 Jahre alt. Ein guter Grund zum Feiern, finden wir! Am 29. November wird es aus diesem Grunde ein besonderes Konzert geben! 2005 wurde der Gospelchor gegr\u00fcndet. Viele S\u00e4nger*innen sind seit Beginn an begeistert dabei und zum Teil bis &hellip; <a href=\"https:\/\/newgospelvoices.de\/?page_id=1024\" class=\"more-link\"><span class=\"screen-reader-text\">\u201eAktuelles\u201c<\/span> weiterlesen<\/a><\/p>\n","protected":false},"author":1,"featured_media":0,"parent":0,"menu_order":0,"comment_status":"closed","ping_status":"closed","template":"","meta":{"footnotes":""},"class_list":["post-1024","page","type-page","status-publish","hentry"],"_links":{"self":[{"href":"https:\/\/newgospelvoices.de\/index.php?rest_route=\/wp\/v2\/pages\/1024","targetHints":{"allow":["GET"]}}],"collection":[{"href":"https:\/\/newgospelvoices.de\/index.php?rest_route=\/wp\/v2\/pages"}],"about":[{"href":"https:\/\/newgospelvoices.de\/index.php?rest_route=\/wp\/v2\/types\/page"}],"author":[{"embeddable":true,"href":"https:\/\/newgospelvoices.de\/index.php?rest_route=\/wp\/v2\/users\/1"}],"replies":[{"embeddable":true,"href":"https:\/\/newgospelvoices.de\/index.php?rest_route=%2Fwp%2Fv2%2Fcomments&post=1024"}],"version-history":[{"count":29,"href":"https:\/\/newgospelvoices.de\/index.php?rest_route=\/wp\/v2\/pages\/1024\/revisions"}],"predecessor-version":[{"id":1496,"href":"https:\/\/newgospelvoices.de\/index.php?rest_route=\/wp\/v2\/pages\/1024\/revisions\/1496"}],"wp:attachment":[{"href":"https:\/\/newgospelvoices.de\/index.php?rest_route=%2Fwp%2Fv2%2Fmedia&parent=1024"}],"curies":[{"name":"wp","href":"https:\/\/api.w.org\/{rel}","templated":true}]}}